{"id":1220,"date":"2020-11-02T15:06:14","date_gmt":"2020-11-02T14:06:14","guid":{"rendered":"https:\/\/dev2.baeumer-converting-machines.de\/company-about-baeumer\/"},"modified":"2020-11-02T18:46:43","modified_gmt":"2020-11-02T17:46:43","slug":"company-about-baeumer","status":"publish","type":"page","link":"https:\/\/www.baeumer-converting-machines.de\/en\/company-about-baeumer\/","title":{"rendered":"Company \u2013 about B\u00e4umer"},"content":{"rendered":"<p><div class=\"fusion-fullwidth fullwidth-box fusion-builder-row-1 nonhundred-percent-fullwidth non-hundred-percent-height-scrolling\" style=\"--awb-border-radius-top-left:0px;--awb-border-radius-top-right:0px;--awb-border-radius-bottom-right:0px;--awb-border-radius-bottom-left:0px;\" ><div class=\"fusion-builder-row fusion-row\"><div class=\"fusion-layout-column fusion_builder_column fusion-builder-column-0 fusion_builder_column_1_1 1_1 fusion-one-full fusion-column-first fusion-column-last\" style=\"--awb-padding-right:5%;--awb-padding-left:5%;--awb-bg-size:cover;\"><div class=\"fusion-column-wrapper fusion-column-has-shadow fusion-flex-column-wrapper-legacy\"><div class=\"fusion-title title fusion-title-1 fusion-sep-none fusion-title-center fusion-title-text fusion-title-size-one\"><h1 class=\"title-heading-center\" style=\"margin:0;\"><h1 style=\"text-align: center;\">B\u00e4umer GmbH converting machines produce Winding machines, rewinders, turret winders, slitters, punching machines, special machines and more.<\/h1><\/h1><\/div><div class=\"fusion-text fusion-text-1\"><p style=\"text-align: center;\">The B\u00e4umer GmbH converting machines was founded in 2000 as B\u00e4umer Folientechnik GmbH. The team around the company founders Josef B\u00e4umer and Heinz Gawinski offers you optimal and intelligent machine and line solutions with the experience of decades in packaging technology.<\/p>\n<\/div><div class=\"fusion-sep-clear\"><\/div><div class=\"fusion-separator fusion-full-width-sep\" style=\"margin-left: auto;margin-right: auto;margin-top:50px;width:100%;\"><div class=\"fusion-separator-border sep-double\" style=\"--awb-height:20px;--awb-amount:20px;border-color:#e2e2e2;border-top-width:0px;border-bottom-width:0px;\"><\/div><\/div><div class=\"fusion-sep-clear\"><\/div><div class=\"fusion-clearfix\"><\/div><\/div><\/div><div class=\"fusion-layout-column fusion_builder_column fusion-builder-column-1 fusion_builder_column_1_2 1_2 fusion-one-half fusion-column-first\" style=\"--awb-bg-size:cover;width:50%;width:calc(50% - ( ( 4% ) * 0.5 ) );margin-right: 4%;\"><div class=\"fusion-column-wrapper fusion-column-has-shadow fusion-flex-column-wrapper-legacy\"><div class=\"fusion-text fusion-text-2\"><h2>Our products<\/h2>\n<p>Wherever foils, papers, non-wovens, laminates, adhesive and self-adhesive films or other materials of different textures and thicknesses have to be unwind, rewind, cut, punched, etc., we are your competent partner. We build machines that<\/p>\n<\/div><ul style=\"--awb-line-height:27.2px;--awb-icon-width:27.2px;--awb-icon-height:27.2px;--awb-icon-margin:11.2px;--awb-content-margin:38.4px;\" class=\"fusion-checklist fusion-checklist-1 fusion-checklist-default type-icons\"><li class=\"fusion-li-item\" style=\"\"><span class=\"icon-wrapper circle-no\"><i class=\"fusion-li-icon fa-arrow-alt-circle-right fas\" aria-hidden=\"true\"><\/i><\/span><div class=\"fusion-li-item-content\">\n<p>Process materials with a thickness between 7 &#8211; 10.000\u00b5m<\/p>\n<\/div><\/li><li class=\"fusion-li-item\" style=\"\"><span class=\"icon-wrapper circle-no\"><i class=\"fusion-li-icon fa-arrow-alt-circle-right fas\" aria-hidden=\"true\"><\/i><\/span><div class=\"fusion-li-item-content\">\n<p>achieve production speeds of up to 800m\/min<\/p>\n<\/div><\/li><li class=\"fusion-li-item\" style=\"\"><span class=\"icon-wrapper circle-no\"><i class=\"fusion-li-icon fa-arrow-alt-circle-right fas\" aria-hidden=\"true\"><\/i><\/span><div class=\"fusion-li-item-content\">\n<p>realize up to 8 reel changes per minute in the production cycle<\/p>\n<\/div><\/li><li class=\"fusion-li-item\" style=\"\"><span class=\"icon-wrapper circle-no\"><i class=\"fusion-li-icon fa-arrow-alt-circle-right fas\" aria-hidden=\"true\"><\/i><\/span><div class=\"fusion-li-item-content\">\n<p>meet the highest demands in terms of performance, amortization and efficiency<\/p>\n<\/div><\/li><\/ul><div class=\"fusion-clearfix\"><\/div><\/div><\/div><div class=\"fusion-layout-column fusion_builder_column fusion-builder-column-2 fusion_builder_column_1_2 1_2 fusion-one-half fusion-column-last\" style=\"--awb-padding-top:10px;--awb-bg-size:cover;width:50%;width:calc(50% - ( ( 4% ) * 0.5 ) );\"><div class=\"fusion-column-wrapper fusion-column-has-shadow fusion-flex-column-wrapper-legacy\"><div class=\"fusion-text fusion-text-3\"><h2>Our strength<\/h2>\n<p>As a system provider, we plan, design, manufacture and assemble our products throughout. Mechanical, electrical and process engineering tasks up to software development are solved by us for you. Our internal structure enables us, to react extremely flexible to your wishes in terms of requirements and targets.<\/p>\n<h2>Our task<\/h2>\n<p>Together with you, we optimize your process flows. In this context, we offer you the guarantee that our developed machines and systems are among the best products on the market.<\/p>\n<\/div><div class=\"fusion-clearfix\"><\/div><\/div><\/div><div class=\"fusion-layout-column fusion_builder_column fusion-builder-column-3 fusion_builder_column_1_1 1_1 fusion-one-full fusion-column-first fusion-column-last\" style=\"--awb-bg-size:cover;\"><div class=\"fusion-column-wrapper fusion-column-has-shadow fusion-flex-column-wrapper-legacy\"><div class=\"fusion-sep-clear\"><\/div><div class=\"fusion-separator fusion-full-width-sep\" style=\"margin-left: auto;margin-right: auto;margin-top:50px;margin-bottom:20px;width:100%;\"><div class=\"fusion-separator-border sep-single sep-solid\" style=\"--awb-height:20px;--awb-amount:20px;--awb-sep-color:#000000;border-color:#000000;border-top-width:1px;\"><\/div><\/div><div class=\"fusion-sep-clear\"><\/div><div class=\"fusion-clearfix\"><\/div><\/div><\/div><\/div><\/div><div class=\"fusion-fullwidth fullwidth-box fusion-builder-row-2 .cta_box_unten nonhundred-percent-fullwidth non-hundred-percent-height-scrolling\" style=\"--awb-border-radius-top-left:0px;--awb-border-radius-top-right:0px;--awb-border-radius-bottom-right:0px;--awb-border-radius-bottom-left:0px;--awb-margin-top:50px;--awb-margin-bottom:50px;\" ><div class=\"fusion-builder-row fusion-row\"><div class=\"fusion-layout-column fusion_builder_column fusion-builder-column-4 fusion_builder_column_1_2 1_2 fusion-one-half fusion-column-first cta_box_unten fusion-no-small-visibility\" style=\"--awb-bg-size:cover;--awb-border-color:#000000;--awb-border-top:0;--awb-border-right:0;--awb-border-bottom:0;--awb-border-left:0;--awb-border-style:solid;width:50%;width:calc(50% - ( ( 4% ) * 0.5 ) );margin-right: 4%;\"><div class=\"fusion-column-wrapper fusion-column-has-shadow fusion-flex-column-wrapper-legacy\"><div class=\"fusion-text fusion-text-4 cta_box_unten_text_links\"><p style=\"text-align: right;\"><strong>You have questions or<\/strong><br \/>\n<strong>need further informations?<\/strong><\/p>\n<\/div><div class=\"fusion-clearfix\"><\/div><\/div><\/div><div class=\"fusion-layout-column fusion_builder_column fusion-builder-column-5 fusion_builder_column_1_2 1_2 fusion-one-half fusion-column-last fusion-no-small-visibility\" style=\"--awb-bg-size:cover;width:50%;width:calc(50% - ( ( 4% ) * 0.5 ) );\"><div class=\"fusion-column-wrapper fusion-column-has-shadow fusion-flex-column-wrapper-legacy\"><div class=\"fusion-text fusion-text-5\"><p>Please contact us: +49 5458 93661-0<\/p>\n<\/div><div class=\"fusion-alignleft\"><a class=\"fusion-button button-flat fusion-button-default-size button-custom fusion-button-default button-1 fusion-button-default-span fusion-button-default-type\" style=\"--button_accent_color:#ffffff;--button_accent_hover_color:#ffffff;--button_border_hover_color:#ffffff;--button_gradient_top_color:#e40e7e;--button_gradient_bottom_color:#e40e7e;--button_gradient_top_color_hover:#114077;--button_gradient_bottom_color_hover:#114077;\" target=\"_self\" href=\"https:\/\/www.baeumer-converting-machines.de\/en\/contact-form\/\"><span class=\"fusion-button-text\">\n<p>WRITE US<\/p>\n<\/span><\/a><\/div><div class=\"fusion-clearfix\"><\/div><\/div><\/div><div class=\"fusion-layout-column fusion_builder_column fusion-builder-column-6 fusion_builder_column_1_2 1_2 fusion-one-half fusion-column-first fusion-no-medium-visibility fusion-no-large-visibility\" style=\"--awb-padding-top:10px;--awb-padding-right:10px;--awb-padding-bottom:10px;--awb-padding-left:10px;--awb-bg-color:#f0f0f0;--awb-bg-size:cover;--awb-border-color:#000000;--awb-border-top:0;--awb-border-right:0;--awb-border-bottom:0;--awb-border-left:0;--awb-border-style:solid;width:50%;width:calc(50% - ( ( 4% ) * 0.5 ) );margin-right: 4%;\"><div class=\"fusion-column-wrapper fusion-column-has-shadow fusion-flex-column-wrapper-legacy\"><div class=\"fusion-text fusion-text-6\"><p style=\"text-align: center;\"><strong>You have questions or need further informations<\/strong><strong>?<\/strong><\/p>\n<hr \/>\n<\/div><div class=\"fusion-text fusion-text-7\"><p style=\"text-align: center;\">Please contact us: +49 5458 93661-0<\/p>\n<\/div><div class=\"fusion-aligncenter\"><a class=\"fusion-button button-flat fusion-button-default-size button-custom fusion-button-default button-2 fusion-button-default-span fusion-button-default-type\" style=\"--button_accent_color:#ffffff;--button_accent_hover_color:#ffffff;--button_border_hover_color:#ffffff;--button_gradient_top_color:#e40e7e;--button_gradient_bottom_color:#e40e7e;--button_gradient_top_color_hover:#114077;--button_gradient_bottom_color_hover:#114077;\" target=\"_self\" href=\"https:\/\/www.baeumer-converting-machines.de\/en\/contact-form\/\"><span class=\"fusion-button-text\">\n<p>WRITE US<\/p>\n<\/span><\/a><\/div><div class=\"fusion-clearfix\"><\/div><\/div><\/div><\/div><\/div>\n<\/p>\n","protected":false},"excerpt":{"rendered":"","protected":false},"author":4,"featured_media":0,"parent":0,"menu_order":0,"comment_status":"closed","ping_status":"closed","template":"","meta":[],"yoast_head":"<!-- This site is optimized with the Yoast SEO plugin v19.14 - https:\/\/yoast.com\/wordpress\/plugins\/seo\/ -->\n<title>Company \u2013 about B\u00e4umer - B\u00e4umer Converting Machines<\/title>\n<meta name=\"robots\" content=\"index, follow, max-snippet:-1, max-image-preview:large, max-video-preview:-1\" \/>\n<link rel=\"canonical\" href=\"https:\/\/www.baeumer-converting-machines.de\/en\/company-about-baeumer\/\" \/>\n<meta property=\"og:locale\" content=\"en_US\" \/>\n<meta property=\"og:type\" content=\"article\" \/>\n<meta property=\"og:title\" content=\"Company \u2013 about B\u00e4umer - B\u00e4umer Converting Machines\" \/>\n<meta property=\"og:url\" content=\"https:\/\/www.baeumer-converting-machines.de\/en\/company-about-baeumer\/\" \/>\n<meta property=\"og:site_name\" content=\"B\u00e4umer Converting Machines\" \/>\n<meta property=\"article:modified_time\" content=\"2020-11-02T17:46:43+00:00\" \/>\n<meta name=\"twitter:card\" content=\"summary_large_image\" \/>\n<meta name=\"twitter:label1\" content=\"Est. reading time\" \/>\n\t<meta name=\"twitter:data1\" content=\"7 minutes\" \/>\n<script type=\"application\/ld+json\" class=\"yoast-schema-graph\">{\"@context\":\"https:\/\/schema.org\",\"@graph\":[{\"@type\":\"WebPage\",\"@id\":\"https:\/\/www.baeumer-converting-machines.de\/en\/company-about-baeumer\/\",\"url\":\"https:\/\/www.baeumer-converting-machines.de\/en\/company-about-baeumer\/\",\"name\":\"Company \u2013 about B\u00e4umer - B\u00e4umer Converting Machines\",\"isPartOf\":{\"@id\":\"https:\/\/www.baeumer-converting-machines.de\/en\/#website\"},\"datePublished\":\"2020-11-02T14:06:14+00:00\",\"dateModified\":\"2020-11-02T17:46:43+00:00\",\"breadcrumb\":{\"@id\":\"https:\/\/www.baeumer-converting-machines.de\/en\/company-about-baeumer\/#breadcrumb\"},\"inLanguage\":\"en-US\",\"potentialAction\":[{\"@type\":\"ReadAction\",\"target\":[\"https:\/\/www.baeumer-converting-machines.de\/en\/company-about-baeumer\/\"]}]},{\"@type\":\"BreadcrumbList\",\"@id\":\"https:\/\/www.baeumer-converting-machines.de\/en\/company-about-baeumer\/#breadcrumb\",\"itemListElement\":[{\"@type\":\"ListItem\",\"position\":1,\"name\":\"Startseite\",\"item\":\"https:\/\/www.baeumer-converting-machines.de\/en\/\"},{\"@type\":\"ListItem\",\"position\":2,\"name\":\"Company \u2013 about B\u00e4umer\"}]},{\"@type\":\"WebSite\",\"@id\":\"https:\/\/www.baeumer-converting-machines.de\/en\/#website\",\"url\":\"https:\/\/www.baeumer-converting-machines.de\/en\/\",\"name\":\"B\u00e4umer Converting Machines\",\"description\":\"B\u00e4umer Converting Machines\",\"publisher\":{\"@id\":\"https:\/\/www.baeumer-converting-machines.de\/en\/#organization\"},\"potentialAction\":[{\"@type\":\"SearchAction\",\"target\":{\"@type\":\"EntryPoint\",\"urlTemplate\":\"https:\/\/www.baeumer-converting-machines.de\/en\/?s={search_term_string}\"},\"query-input\":\"required name=search_term_string\"}],\"inLanguage\":\"en-US\"},{\"@type\":\"Organization\",\"@id\":\"https:\/\/www.baeumer-converting-machines.de\/en\/#organization\",\"name\":\"B\u00e4umer converting machines\",\"url\":\"https:\/\/www.baeumer-converting-machines.de\/en\/\",\"logo\":{\"@type\":\"ImageObject\",\"inLanguage\":\"en-US\",\"@id\":\"https:\/\/www.baeumer-converting-machines.de\/en\/#\/schema\/logo\/image\/\",\"url\":\"https:\/\/www.baeumer-converting-machines.de\/wp-content\/uploads\/2020\/03\/Logo-Baeumer-2.jpg\",\"contentUrl\":\"https:\/\/www.baeumer-converting-machines.de\/wp-content\/uploads\/2020\/03\/Logo-Baeumer-2.jpg\",\"width\":250,\"height\":64,\"caption\":\"B\u00e4umer converting machines\"},\"image\":{\"@id\":\"https:\/\/www.baeumer-converting-machines.de\/en\/#\/schema\/logo\/image\/\"}}]}<\/script>\n<!-- \/ Yoast SEO plugin. -->","yoast_head_json":{"title":"Company \u2013 about B\u00e4umer - B\u00e4umer Converting Machines","robots":{"index":"index","follow":"follow","max-snippet":"max-snippet:-1","max-image-preview":"max-image-preview:large","max-video-preview":"max-video-preview:-1"},"canonical":"https:\/\/www.baeumer-converting-machines.de\/en\/company-about-baeumer\/","og_locale":"en_US","og_type":"article","og_title":"Company \u2013 about B\u00e4umer - B\u00e4umer Converting Machines","og_url":"https:\/\/www.baeumer-converting-machines.de\/en\/company-about-baeumer\/","og_site_name":"B\u00e4umer Converting Machines","article_modified_time":"2020-11-02T17:46:43+00:00","twitter_card":"summary_large_image","twitter_misc":{"Est. reading time":"7 minutes"},"schema":{"@context":"https:\/\/schema.org","@graph":[{"@type":"WebPage","@id":"https:\/\/www.baeumer-converting-machines.de\/en\/company-about-baeumer\/","url":"https:\/\/www.baeumer-converting-machines.de\/en\/company-about-baeumer\/","name":"Company \u2013 about B\u00e4umer - B\u00e4umer Converting Machines","isPartOf":{"@id":"https:\/\/www.baeumer-converting-machines.de\/en\/#website"},"datePublished":"2020-11-02T14:06:14+00:00","dateModified":"2020-11-02T17:46:43+00:00","breadcrumb":{"@id":"https:\/\/www.baeumer-converting-machines.de\/en\/company-about-baeumer\/#breadcrumb"},"inLanguage":"en-US","potentialAction":[{"@type":"ReadAction","target":["https:\/\/www.baeumer-converting-machines.de\/en\/company-about-baeumer\/"]}]},{"@type":"BreadcrumbList","@id":"https:\/\/www.baeumer-converting-machines.de\/en\/company-about-baeumer\/#breadcrumb","itemListElement":[{"@type":"ListItem","position":1,"name":"Startseite","item":"https:\/\/www.baeumer-converting-machines.de\/en\/"},{"@type":"ListItem","position":2,"name":"Company \u2013 about B\u00e4umer"}]},{"@type":"WebSite","@id":"https:\/\/www.baeumer-converting-machines.de\/en\/#website","url":"https:\/\/www.baeumer-converting-machines.de\/en\/","name":"B\u00e4umer Converting Machines","description":"B\u00e4umer Converting Machines","publisher":{"@id":"https:\/\/www.baeumer-converting-machines.de\/en\/#organization"},"potentialAction":[{"@type":"SearchAction","target":{"@type":"EntryPoint","urlTemplate":"https:\/\/www.baeumer-converting-machines.de\/en\/?s={search_term_string}"},"query-input":"required name=search_term_string"}],"inLanguage":"en-US"},{"@type":"Organization","@id":"https:\/\/www.baeumer-converting-machines.de\/en\/#organization","name":"B\u00e4umer converting machines","url":"https:\/\/www.baeumer-converting-machines.de\/en\/","logo":{"@type":"ImageObject","inLanguage":"en-US","@id":"https:\/\/www.baeumer-converting-machines.de\/en\/#\/schema\/logo\/image\/","url":"https:\/\/www.baeumer-converting-machines.de\/wp-content\/uploads\/2020\/03\/Logo-Baeumer-2.jpg","contentUrl":"https:\/\/www.baeumer-converting-machines.de\/wp-content\/uploads\/2020\/03\/Logo-Baeumer-2.jpg","width":250,"height":64,"caption":"B\u00e4umer converting machines"},"image":{"@id":"https:\/\/www.baeumer-converting-machines.de\/en\/#\/schema\/logo\/image\/"}}]}},"_links":{"self":[{"href":"https:\/\/www.baeumer-converting-machines.de\/en\/wp-json\/wp\/v2\/pages\/1220"}],"collection":[{"href":"https:\/\/www.baeumer-converting-machines.de\/en\/wp-json\/wp\/v2\/pages"}],"about":[{"href":"https:\/\/www.baeumer-converting-machines.de\/en\/wp-json\/wp\/v2\/types\/page"}],"author":[{"embeddable":true,"href":"https:\/\/www.baeumer-converting-machines.de\/en\/wp-json\/wp\/v2\/users\/4"}],"replies":[{"embeddable":true,"href":"https:\/\/www.baeumer-converting-machines.de\/en\/wp-json\/wp\/v2\/comments?post=1220"}],"version-history":[{"count":4,"href":"https:\/\/www.baeumer-converting-machines.de\/en\/wp-json\/wp\/v2\/pages\/1220\/revisions"}],"predecessor-version":[{"id":1303,"href":"https:\/\/www.baeumer-converting-machines.de\/en\/wp-json\/wp\/v2\/pages\/1220\/revisions\/1303"}],"wp:attachment":[{"href":"https:\/\/www.baeumer-converting-machines.de\/en\/wp-json\/wp\/v2\/media?parent=1220"}],"curies":[{"name":"wp","href":"https:\/\/api.w.org\/{rel}","templated":true}]}}